{"id":10,"date":"2019-01-23T12:47:24","date_gmt":"2019-01-23T12:47:24","guid":{"rendered":"http:\/\/democontent.codex-themes.com\/sites\/agency-light\/?page_id=10"},"modified":"2025-06-23T22:53:26","modified_gmt":"2025-06-23T22:53:26","slug":"tractocamion-diesel-mexico","status":"publish","type":"page","link":"https:\/\/sitrakmetropolitanos.mx\/c7hd\/","title":{"rendered":"Tractocami\u00f3n Di\u00e9sel Sitrak"},"content":{"rendered":"<p>[vc_row css=\u00bb.vc_custom_1599449467283{margin-bottom: -30px !important;padding-bottom: 0px !important;}\u00bb custom_css_code=\u00bbbWFyZ2luLWJvdHRvbSUzQTBweCUyMWltcG9ydGFudA==\u00bb][vc_column css=\u00bb.vc_custom_1461067381047{margin-top: -200px !important;margin-bottom: 0px !important;padding-bottom: 0px !important;}\u00bb][vc_column_text][\/vc_column_text][layerslider_vc id=\u00bb1&#8243; title=\u00bbSLIDER HOME\u00bb el_class=\u00bbslideHome\u00bb][\/vc_column][\/vc_row][vc_row][vc_column]<div class=\"clearboth\"><\/div><div class=\"gem-divider \" style=\"\"><\/div><div class=\"clearboth\"><\/div><div class=\"gem-divider \" style=\"\"><\/div>[vc_column_text css_animation=\u00bbbottom-to-top\u00bb css=\u00bb.vc_custom_1750719201956{padding-top: 50px !important;}\u00bb]<\/p>\n<div class=\"title-h1\">\n<p style=\"text-align: center;\">TRACTOCAMI\u00d3N SITRAk C7H DIESEL<\/p>\n<\/div>\n<p>[\/vc_column_text]<div class=\"clearboth\"><\/div><div class=\"gem-divider \" style=\"\"><\/div><div class=\"clearboth\"><\/div><div class=\"gem-divider \" style=\"\"><\/div>[\/vc_column][\/vc_row][vc_row full_width=\u00bbstretch_row_content\u00bb equal_height=\u00bbyes\u00bb css=\u00bb.vc_custom_1456656765372{margin-bottom: 0px !important;}\u00bb][vc_column disable_custom_paddings_mobile=\u00bbtrue\u00bb css=\u00bb.vc_custom_1600741283556{padding-right: 71px !important;padding-left: 100px !important;background-color: #f0f3f2 !important;}\u00bb offset=\u00bbvc_col-lg-6&#8243;]<div class=\"clearboth\"><\/div><div class=\"gem-divider divider-hidden\" style=\"margin-top: 50px;\"><\/div><div class=\"clearboth\"><\/div><div class=\"gem-divider divider-hidden\" style=\"margin-top: 50px;\"><\/div><div class=\"clearboth\"><\/div><div class=\"gem-divider \" style=\"margin-top: 58px;\"><\/div>[vc_column_text css_animation=\u00bbbottom-to-top\u00bb]<\/p>\n<h6 style=\"text-align: justify;\">El Sitrak C7H 540 HP, es un tractocami\u00f3n ideal para M\u00e9xico, que se diferencia por su poderosa combinaci\u00f3n de potencia y torque, que le permite enfrentar duras pendientes, aunado a sofisticados sistemas de frenado, como el retardador hidr\u00e1ulico, el freno de motor y de escape de acci\u00f3n reciproca EVB, frenos de disco autoventilados y frenos ABS, ASR y EBL.<\/h6>\n<p>[\/vc_column_text]<div class=\"clearboth\"><\/div><div class=\"gem-divider divider-hidden\" style=\"margin-top: 50px;\"><\/div><div class=\"clearboth\"><\/div><div class=\"gem-divider divider-hidden\" style=\"margin-top: 48px;\"><\/div><div class=\"clearboth\"><\/div><div class=\"gem-divider \" style=\"margin-top: 40px;\"><\/div>[\/vc_column][vc_column css=\u00bb.vc_custom_1736994008598{padding-top: 250px !important;padding-bottom: 250px !important;background-image: url(https:\/\/sitrakmetropolitanos.mx\/c7hd\/wp-content\/uploads\/2020\/11\/sitrak-ch7.jpg?id=2485) !important;background-position: center !important;background-repeat: no-repeat !important;background-size: cover !important;}\u00bb offset=\u00bbvc_col-lg-6&#8243;][\/vc_column][\/vc_row][vc_row full_width=\u00bbstretch_row_content\u00bb equal_height=\u00bbyes\u00bb css=\u00bb.vc_custom_1550676271074{margin-bottom: 0px !important;}\u00bb el_class=\u00bbcustom-qf\u00bb][vc_column css=\u00bb.vc_custom_1736994018430{padding-top: 250px !important;padding-bottom: 250px !important;background-image: url(https:\/\/sitrakmetropolitanos.mx\/c7hd\/wp-content\/uploads\/2020\/11\/sitrak-ch7-diesel-mexico.jpg?id=2484) !important;background-position: center !important;background-repeat: no-repeat !important;background-size: cover !important;}\u00bb offset=\u00bbvc_col-lg-6&#8243;][\/vc_column][vc_column css=\u00bb.vc_custom_1456731883083{padding-left: 55px !important;background-color: #f0f3f2 !important;}\u00bb offset=\u00bbvc_col-lg-6&#8243;]<div class=\"clearboth\"><\/div><div class=\"gem-divider divider-hidden\" style=\"margin-top: 50px;\"><\/div><div class=\"clearboth\"><\/div><div class=\"gem-divider divider-hidden\" style=\"margin-top: 50px;\"><\/div><div class=\"clearboth\"><\/div><div class=\"gem-divider \" style=\"margin-top: 58px;\"><\/div>[vc_column_text css_animation=\u00bbbottom-to-top\u00bb]<\/p>\n<div>\n<h6 style=\"text-align: justify;\">En Sitrak M\u00e9xico, nos tomamos en serio la seguridad en nuestros tractocamiones, la cabina del tractocami\u00f3n Sitrak C7H 540 HP, cuenta con la certificaci\u00f3n europea UE ECE R29, que es la m\u00e1s exigente del mundo.<\/h6>\n<\/div>\n<p>[\/vc_column_text]<div class=\"clearboth\"><\/div><div class=\"gem-divider divider-hidden\" style=\"margin-top: -65px;\"><\/div><div class=\"clearboth\"><\/div><div class=\"gem-divider \" style=\"margin-top: -20px;\"><\/div><div class=\"clearboth\"><\/div><div class=\"gem-divider \" style=\"margin-top: 30px;\"><\/div>[\/vc_column][\/vc_row][vc_row full_width=\u00bbstretch_row_content\u00bb equal_height=\u00bbyes\u00bb css=\u00bb.vc_custom_1456656765372{margin-bottom: 0px !important;}\u00bb][vc_column disable_custom_paddings_mobile=\u00bbtrue\u00bb css=\u00bb.vc_custom_1600741283556{padding-right: 71px !important;padding-left: 100px !important;background-color: #f0f3f2 !important;}\u00bb offset=\u00bbvc_col-lg-6&#8243;]<div class=\"clearboth\"><\/div><div class=\"gem-divider divider-hidden\" style=\"margin-top: 50px;\"><\/div><div class=\"clearboth\"><\/div><div class=\"gem-divider divider-hidden\" style=\"margin-top: 50px;\"><\/div><div class=\"clearboth\"><\/div><div class=\"gem-divider \" style=\"margin-top: 58px;\"><\/div>[vc_column_text css_animation=\u00bbbottom-to-top\u00bb]<\/p>\n<h6 style=\"text-align: justify;\">En Sitrak fabricamos el motor, transmisi\u00f3n, ejes, diferenciales y cabina del C7H 540 HP, con tecnolog\u00eda alemana, bajo licencia de MAN AG, y los sistemas perif\u00e9ricos son de prestigiosas empresas alemanas como Bosch, Wabco, Continental, ZF, Fag, Mahle y Voith, por mencionar algunas.<\/h6>\n<p>[\/vc_column_text]<div class=\"clearboth\"><\/div><div class=\"gem-divider divider-hidden\" style=\"margin-top: 50px;\"><\/div><div class=\"clearboth\"><\/div><div class=\"gem-divider divider-hidden\" style=\"margin-top: 48px;\"><\/div><div class=\"clearboth\"><\/div><div class=\"gem-divider \" style=\"margin-top: 40px;\"><\/div>[\/vc_column][vc_column css=\u00bb.vc_custom_1736994027293{padding-top: 250px !important;padding-bottom: 250px !important;background-image: url(https:\/\/sitrakmetropolitanos.mx\/c7hd\/wp-content\/uploads\/2020\/11\/sitrak-diesel-mexico.jpg?id=2486) !important;background-position: center !important;background-repeat: no-repeat !important;background-size: cover !important;}\u00bb offset=\u00bbvc_col-lg-6&#8243;][\/vc_column][\/vc_row][vc_row][vc_column]<div class=\"clearboth\"><\/div><div class=\"gem-divider \" style=\"margin-top: 50px;\"><\/div><div class=\"clearboth\"><\/div><div class=\"gem-divider \" style=\"margin-top: 50px;\"><\/div>[vc_column_text]<\/p>\n<h2 style=\"text-align: center;\">INTEGRACI\u00d3N GLOBAL SITRAK<\/h2>\n<p>[\/vc_column_text]<div class=\"clearboth\"><\/div><div class=\"gem-divider \" style=\"margin-top: 50px;\"><\/div><div class=\"clearboth\"><\/div><div class=\"gem-divider \" style=\"margin-top: 50px;\"><\/div>[\/vc_column][\/vc_row][vc_row full_width=\u00bbstretch_row_content\u00bb equal_height=\u00bbyes\u00bb css=\u00bb.vc_custom_1598494484249{margin-bottom: 0px !important;padding-bottom: 0px !important;}\u00bb][vc_column css=\u00bb.vc_custom_1600741984151{padding-right: 20px !important;padding-left: 20px !important;background-color: #f0f3f2 !important;}\u00bb offset=\u00bbvc_col-lg-6&#8243;]<div class=\"clearboth\"><\/div><div class=\"gem-divider divider-hidden\" style=\"margin-top: 50px;\"><\/div><div class=\"clearboth\"><\/div><div class=\"gem-divider divider-hidden\" style=\"margin-top: 50px;\"><\/div><div class=\"clearboth\"><\/div><div class=\"gem-divider divider-hidden\" style=\"margin-top: 50px;\"><\/div><div class=\"clearboth\"><\/div><div class=\"gem-divider divider-hidden\" style=\"margin-top: 50px;\"><\/div>[vc_column_text css_animation=\u00bbbottom-to-top\u00bb]<\/p>\n<div class=\"styled-subtitle\">\n<h3>Las refacciones del sitrak C7H DIESEL son de calidad internacional y alta disponibilidad en el mercado mexicano.<\/h3>\n<\/div>\n<p>[\/vc_column_text]<div class=\"clearboth\"><\/div><div class=\"gem-divider divider-hidden\" style=\"margin-top: 50px;\"><\/div><div class=\"clearboth\"><\/div><div class=\"gem-divider divider-hidden\" style=\"margin-top: 50px;\"><\/div>[\/vc_column][vc_column css=\u00bb.vc_custom_1456732092095{background-color: #2e2f39 !important;}\u00bb offset=\u00bbvc_col-lg-6&#8243;][vc_row_inner][vc_column_inner width=\u00bb1\/5&#8243; css=\u00bb.vc_custom_1456665810976{padding-right: 0px !important;padding-left: 0px !important;}\u00bb][vc_single_image image=\u00bb2053&#8243; img_size=\u00bb200&#215;200&#8243; alignment=\u00bbcenter\u00bb css_animation=\u00bbappear\u00bb][\/vc_column_inner][vc_column_inner width=\u00bb1\/5&#8243; css=\u00bb.vc_custom_1456665819117{padding-right: 0px !important;padding-left: 0px !important;}\u00bb][vc_single_image image=\u00bb2054&#8243; img_size=\u00bb200&#215;200&#8243; alignment=\u00bbcenter\u00bb css_animation=\u00bbappear\u00bb][\/vc_column_inner][vc_column_inner width=\u00bb1\/5&#8243; css=\u00bb.vc_custom_1456665825392{padding-right: 0px !important;padding-left: 0px !important;}\u00bb][vc_single_image image=\u00bb2055&#8243; img_size=\u00bb200&#215;200&#8243; alignment=\u00bbcenter\u00bb css_animation=\u00bbappear\u00bb][\/vc_column_inner][vc_column_inner width=\u00bb1\/5&#8243; css=\u00bb.vc_custom_1456665832342{padding-right: 0px !important;padding-left: 0px !important;}\u00bb][vc_single_image image=\u00bb2295&#8243; img_size=\u00bb200&#215;200&#8243; alignment=\u00bbcenter\u00bb css_animation=\u00bbappear\u00bb][\/vc_column_inner][vc_column_inner width=\u00bb1\/5&#8243; css=\u00bb.vc_custom_1600743218134{padding-right: 0px !important;padding-left: 0px !important;}\u00bb][vc_single_image image=\u00bb2057&#8243; img_size=\u00bb200&#215;200&#8243; alignment=\u00bbcenter\u00bb css_animation=\u00bbappear\u00bb][\/vc_column_inner][\/vc_row_inner][vc_row_inner][vc_column_inner width=\u00bb1\/5&#8243; css=\u00bb.vc_custom_1456665838480{padding-right: 0px !important;padding-left: 0px !important;}\u00bb][vc_single_image image=\u00bb2224&#8243; img_size=\u00bb200&#215;200&#8243; alignment=\u00bbcenter\u00bb css_animation=\u00bbappear\u00bb][\/vc_column_inner][vc_column_inner width=\u00bb1\/5&#8243; css=\u00bb.vc_custom_1456665843805{padding-right: 0px !important;padding-left: 0px !important;}\u00bb][vc_single_image image=\u00bb2300&#8243; img_size=\u00bb200&#215;200&#8243; alignment=\u00bbcenter\u00bb css_animation=\u00bbappear\u00bb][\/vc_column_inner][vc_column_inner width=\u00bb1\/5&#8243; css=\u00bb.vc_custom_1456665848927{padding-right: 0px !important;padding-left: 0px !important;}\u00bb][vc_single_image image=\u00bb2294&#8243; img_size=\u00bb200&#215;200&#8243; alignment=\u00bbcenter\u00bb css_animation=\u00bbappear\u00bb][\/vc_column_inner][vc_column_inner width=\u00bb1\/5&#8243; css=\u00bb.vc_custom_1456665855120{padding-right: 0px !important;padding-left: 0px !important;}\u00bb][vc_single_image image=\u00bb2060&#8243; img_size=\u00bb200&#215;200&#8243; alignment=\u00bbcenter\u00bb css_animation=\u00bbappear\u00bb][\/vc_column_inner][vc_column_inner width=\u00bb1\/5&#8243; css=\u00bb.vc_custom_1600743288029{padding-right: 0px !important;padding-left: 0px !important;}\u00bb][vc_single_image image=\u00bb2225&#8243; img_size=\u00bb200&#215;200&#8243; alignment=\u00bbcenter\u00bb css_animation=\u00bbappear\u00bb][\/vc_column_inner][\/vc_row_inner][vc_row_inner][vc_column_inner width=\u00bb1\/5&#8243; css=\u00bb.vc_custom_1456665838480{padding-right: 0px !important;padding-left: 0px !important;}\u00bb][vc_single_image image=\u00bb2299&#8243; img_size=\u00bb200&#215;200&#8243; alignment=\u00bbcenter\u00bb css_animation=\u00bbappear\u00bb][\/vc_column_inner][vc_column_inner width=\u00bb1\/5&#8243; css=\u00bb.vc_custom_1456665848927{padding-right: 0px !important;padding-left: 0px !important;}\u00bb][vc_single_image image=\u00bb2298&#8243; img_size=\u00bb200&#215;200&#8243; alignment=\u00bbcenter\u00bb css_animation=\u00bbappear\u00bb][\/vc_column_inner][vc_column_inner width=\u00bb1\/5&#8243; css=\u00bb.vc_custom_1456665855120{padding-right: 0px !important;padding-left: 0px !important;}\u00bb][vc_single_image image=\u00bb2297&#8243; img_size=\u00bb200&#215;200&#8243; alignment=\u00bbcenter\u00bb css_animation=\u00bbappear\u00bb][\/vc_column_inner][vc_column_inner width=\u00bb1\/5&#8243; css=\u00bb.vc_custom_1600743288029{padding-right: 0px !important;padding-left: 0px !important;}\u00bb][vc_single_image image=\u00bb2301&#8243; img_size=\u00bb200&#215;200&#8243; alignment=\u00bbcenter\u00bb css_animation=\u00bbappear\u00bb][\/vc_column_inner][\/vc_row_inner][\/vc_column][\/vc_row][vc_row full_width=\u00bbstretch_row_content\u00bb equal_height=\u00bbyes\u00bb css=\u00bb.vc_custom_1612548420196{margin-top: 0px !important;margin-bottom: 0px !important;padding-top: 0px !important;padding-bottom: 0px !important;}\u00bb][vc_column css=\u00bb.vc_custom_1620673609761{background-color: #2e2f39 !important;}\u00bb]<div class=\"clearboth\"><\/div><div class=\"gem-divider \" style=\"margin-top: 12px;\"><\/div><div class=\"clearboth\"><\/div><div class=\"gem-divider \" style=\"margin-top: 12px;\"><\/div><div class=\"clearboth\"><\/div><div class=\"gem-divider \" style=\"margin-top: 12px;\"><\/div>[vc_column_text css_animation=\u00bbleft-to-right\u00bb]<\/p>\n<div class=\"title-h4\" style=\"text-align: center;\"><span style=\"color: #ffffff;\">PLANES DE FINANCIAMIENTO<\/span><\/div>\n<p>[\/vc_column_text]<div class=\"clearboth\"><\/div><div class=\"gem-divider \" style=\"margin-top: 34px;\"><\/div><div class=\"clearboth\"><\/div><div class=\"gem-divider \" style=\"margin-top: 60px;\"><\/div>[\/vc_column][\/vc_row][vc_row full_width=\u00bbstretch_row_content\u00bb equal_height=\u00bbyes\u00bb css=\u00bb.vc_custom_1600744059225{margin-top: 0px !important;margin-bottom: -110px !important;padding-top: 0px !important;padding-bottom: 0px !important;}\u00bb][vc_column width=\u00bb1\/4&#8243; disable_custom_paddings_tablet=\u00bbtrue\u00bb disable_custom_paddings_mobile=\u00bbtrue\u00bb css=\u00bb.vc_custom_1612549096608{border-right-width: 0px !important;padding-top: 0px !important;padding-left: 50px !important;background-color: #f0f3f2 !important;border-right-color: #b2b2b2 !important;border-right-style: solid !important;}\u00bb offset=\u00bbvc_col-lg-3&#8243;]<div class=\"clearboth\"><\/div><div class=\"gem-divider \" style=\"margin-top: 45px;\"><\/div>[vc_column_text css_animation=\u00bbappear\u00bb]<\/p>\n<div class=\"title-h2\"><span style=\"color: #004975; font-size: 62px;\">01.<\/span><\/div>\n<p>[\/vc_column_text][vc_column_text css_animation=\u00bbappear\u00bb]<\/p>\n<div class=\"title-h4\"><span class=\"light\">FINANCIAMIENTO<br \/>\n<\/span><\/div>\n<p>[\/vc_column_text][vc_column_text css_animation=\u00bbright-to-left\u00bb el_class=\u00bbtext-justify\u00bb]Ponemos a su alcance un cr\u00e9dito para personas f\u00edsicas y morales para financiar su cami\u00f3n, se puede incluir el equipo aliado que requiera, a el plazo que usted requiera desde 12 hasta 60 meses, y enganches desde el 20% del valor del bien.[\/vc_column_text]<div class=\"clearboth\"><\/div><div class=\"gem-divider divider-hidden\" style=\"margin-top: 50px;\"><\/div>[vc_raw_html]JTNDc3R5bGUlM0Uud3BiX3NpbmdsZV9pbWFnZSUyMGltZyU3QmZpbHRlciUzQSUyMGJyaWdodG5lc3MlMjgwJTI5JTIwaW52ZXJ0JTI4MSUyOSUzQiU3RCUyMCUwQS5nZW0tYnV0dG9uLXRleHQtd2VpZ2h0LW5vcm1hbC53cGNmNy1mb3JtLWNvbnRyb2wlN0Jjb2xvciUzQSUyM2ZmZiUyMWltcG9ydGFudCU3RCUwQS5zbGlkZUhvbWUlN0JtYXJnaW4tYm90dG9tJTNBMHB4JTIxaW1wb3J0YW50JTdEJTNDJTJGc3R5bGUlM0U=[\/vc_raw_html][\/vc_column][vc_column width=\u00bb1\/4&#8243; css=\u00bb.vc_custom_1612549377728{padding-top: 0px !important;}\u00bb]<div class=\"clearboth\"><\/div><div class=\"gem-divider \" style=\"margin-top: 45px;\"><\/div>[vc_column_text css_animation=\u00bbappear\u00bb]<\/p>\n<div class=\"title-h2\"><span style=\"color: #004975; font-size: 62px;\">02.<\/span><\/div>\n<p>[\/vc_column_text][vc_column_text css_animation=\u00bbappear\u00bb]<\/p>\n<div class=\"title-h4\"><span class=\"light\">arrendamiento financiero<\/span><\/div>\n<p>[\/vc_column_text][vc_column_text css_animation=\u00bbright-to-left\u00bb el_class=\u00bbtext-justify\u00bb]Es un plan similar al cr\u00e9dito para personas f\u00edsicas y morales, con una inversi\u00f3n inicial desde el 20% y el resto en pagos fijos, con plazos desde 12 hasta 60 meses, El equipo se factura a nombre de la arrendadora, con uso y goce de su empresa durante todo el plazo elegido; al final del plazo se realiza un pago m\u00ednimo (Valor residual) del 1% del valor factura del bien para que sea facturado a nombre de usted o de su empresa.[\/vc_column_text]<div class=\"clearboth\"><\/div><div class=\"gem-divider divider-hidden\" style=\"margin-top: 50px;\"><\/div>[\/vc_column][vc_column width=\u00bb1\/4&#8243; css=\u00bb.vc_custom_1612549390692{padding-top: 0px !important;background-color: #f0f3f2 !important;}\u00bb]<div class=\"clearboth\"><\/div><div class=\"gem-divider \" style=\"margin-top: 45px;\"><\/div>[vc_column_text css_animation=\u00bbappear\u00bb]<\/p>\n<div class=\"title-h2\"><span style=\"color: #004975; font-size: 62px;\">03.<\/span><\/div>\n<p>[\/vc_column_text][vc_column_text css_animation=\u00bbappear\u00bb]<\/p>\n<div class=\"title-h4\"><span class=\"light\">ARRENDAMIENTO PURO<\/span><\/div>\n<p>[\/vc_column_text][vc_column_text css_animation=\u00bbright-to-left\u00bb el_class=\u00bbtext-justify\u00bb]Plan dise\u00f1ado para personas morales, con plazos desde 12 hasta 72 meses. La inversi\u00f3n inicial es con una o dos rentas de dep\u00f3sito m\u00e1s la renta corriente; cada mes se le emiten facturas de la renta mensual m\u00e1s IVA 100% deducibles de impuestos. Al finalizar el plazo tiene dos opciones: La primera es pagar un valor fijado desde el inicio (Valor residual) o la segunda es devolverlo, para que se le entregue otro equipo nuevo.[\/vc_column_text]<div class=\"clearboth\"><\/div><div class=\"gem-divider \" style=\"margin-top: 50px;\"><\/div>[\/vc_column][vc_column width=\u00bb1\/4&#8243; css=\u00bb.vc_custom_1612549399229{padding-top: 0px !important;}\u00bb]<div class=\"clearboth\"><\/div><div class=\"gem-divider \" style=\"margin-top: 45px;\"><\/div>[vc_column_text css_animation=\u00bbappear\u00bb]<\/p>\n<div class=\"title-h2\"><span style=\"color: #004975; font-size: 62px;\">04.<\/span><\/div>\n<p>[\/vc_column_text][vc_column_text css_animation=\u00bbappear\u00bb]<\/p>\n<div class=\"title-h4\"><span class=\"light\">RENTING<br \/>\n<\/span><\/div>\n<p>[\/vc_column_text][vc_column_text css_animation=\u00bbright-to-left\u00bb el_class=\u00bbtext-justify\u00bb]Es un sistema de renta sin opci\u00f3n a compra, enfocado principalmente a personas morales y entes de gobierno, municipal, estatal y federal, sin inversi\u00f3n inicial, con plazos de 12 hasta 36 meses, con mantenimiento preventivo y correctivo incluido.[\/vc_column_text]<div class=\"clearboth\"><\/div><div class=\"gem-divider \" style=\"margin-top: 50px;\"><\/div>[\/vc_column][\/vc_row]<\/p>\n","protected":false},"excerpt":{"rendered":"<p>[vc_row css=\u00bb.vc_custom_1599449467283{margin-bottom: -30px !important;padding-bottom: 0px !important;}\u00bb custom_css_code=\u00bbbWFyZ2luLWJvdHRvbSUzQTBweCUyMWltcG9ydGFudA==\u00bb][vc_column css=\u00bb.vc_custom_1461067381047{margin-top: -200px !important;margin-bottom: 0px !important;padding-bottom: 0px !important;}\u00bb][vc_column_text][\/vc_column_text][layerslider_vc id=\u00bb1&#8243; title=\u00bbSLIDER HOME\u00bb el_class=\u00bbslideHome\u00bb][\/vc_column][\/vc_row][vc_row][vc_column][vc_column_text css_animation=\u00bbbottom-to-top\u00bb css=\u00bb.vc_custom_1750719201956{padding-top: 50px !important;}\u00bb] TRACTOCAMI\u00d3N SITRAk C7H DIESEL [\/vc_column_text][\/vc_column][\/vc_row][vc_row full_width=\u00bbstretch_row_content\u00bb equal_height=\u00bbyes\u00bb css=\u00bb.vc_custom_1456656765372{margin-bottom:&#8230;<\/p>\n","protected":false},"author":1,"featured_media":0,"parent":0,"menu_order":0,"comment_status":"closed","ping_status":"closed","template":"","meta":{"footnotes":""},"class_list":["post-10","page","type-page","status-publish"],"yoast_head":"<!-- This site is optimized with the Yoast SEO plugin v25.3.1 - https:\/\/yoast.com\/wordpress\/plugins\/seo\/ -->\n<title>SITRAK C7H D\u00cdESEL<\/title>\n<meta name=\"description\" content=\"Los camiones Sitrak cuentan con un motor de la m\u00e1s avanzada tecnolog\u00eda Alemana, logrando potencia y econom\u00eda a tu alcance\" \/>\n<meta name=\"robots\" content=\"index, follow, max-snippet:-1, max-image-preview:large, max-video-preview:-1\" \/>\n<link rel=\"canonical\" href=\"https:\/\/sitrakmetropolitanos.mx\/c7hd\/\" \/>\n<meta property=\"og:locale\" content=\"es_ES\" \/>\n<meta property=\"og:type\" content=\"article\" \/>\n<meta property=\"og:title\" content=\"SITRAK C7H D\u00cdESEL\" \/>\n<meta property=\"og:description\" content=\"Los camiones Sitrak cuentan con un motor de la m\u00e1s avanzada tecnolog\u00eda Alemana, logrando potencia y econom\u00eda a tu alcance\" \/>\n<meta property=\"og:url\" content=\"https:\/\/sitrakmetropolitanos.mx\/c7hd\/\" \/>\n<meta property=\"og:site_name\" content=\"SITRAK C7H D\u00cdESEL\" \/>\n<meta property=\"article:modified_time\" content=\"2025-06-23T22:53:26+00:00\" \/>\n<meta name=\"twitter:card\" content=\"summary_large_image\" \/>\n<meta name=\"twitter:label1\" content=\"Tiempo de lectura\" \/>\n\t<meta name=\"twitter:data1\" content=\"4 minutos\" \/>\n<script type=\"application\/ld+json\" class=\"yoast-schema-graph\">{\"@context\":\"https:\/\/schema.org\",\"@graph\":[{\"@type\":\"WebPage\",\"@id\":\"https:\/\/sitrakmetropolitanos.mx\/c7hd\/\",\"url\":\"https:\/\/sitrakmetropolitanos.mx\/c7hd\/\",\"name\":\"SITRAK C7H D\u00cdESEL\",\"isPartOf\":{\"@id\":\"https:\/\/sitrakmetropolitanos.mx\/c7hd\/#website\"},\"datePublished\":\"2019-01-23T12:47:24+00:00\",\"dateModified\":\"2025-06-23T22:53:26+00:00\",\"description\":\"Los camiones Sitrak cuentan con un motor de la m\u00e1s avanzada tecnolog\u00eda Alemana, logrando potencia y econom\u00eda a tu alcance\",\"breadcrumb\":{\"@id\":\"https:\/\/sitrakmetropolitanos.mx\/c7hd\/#breadcrumb\"},\"inLanguage\":\"es\",\"potentialAction\":[{\"@type\":\"ReadAction\",\"target\":[\"https:\/\/sitrakmetropolitanos.mx\/c7hd\/\"]}]},{\"@type\":\"BreadcrumbList\",\"@id\":\"https:\/\/sitrakmetropolitanos.mx\/c7hd\/#breadcrumb\",\"itemListElement\":[{\"@type\":\"ListItem\",\"position\":1,\"name\":\"Portada\",\"item\":\"https:\/\/sitrakmetropolitanos.mx\/c7hd\/\"},{\"@type\":\"ListItem\",\"position\":2,\"name\":\"Tractocami\u00f3n Di\u00e9sel Sitrak\"}]},{\"@type\":\"WebSite\",\"@id\":\"https:\/\/sitrakmetropolitanos.mx\/c7hd\/#website\",\"url\":\"https:\/\/sitrakmetropolitanos.mx\/c7hd\/\",\"name\":\"SITRAK C7H D\u00cdESEL\",\"description\":\"\",\"potentialAction\":[{\"@type\":\"SearchAction\",\"target\":{\"@type\":\"EntryPoint\",\"urlTemplate\":\"https:\/\/sitrakmetropolitanos.mx\/c7hd\/?s={search_term_string}\"},\"query-input\":{\"@type\":\"PropertyValueSpecification\",\"valueRequired\":true,\"valueName\":\"search_term_string\"}}],\"inLanguage\":\"es\"}]}<\/script>\n<!-- \/ Yoast SEO plugin. -->","yoast_head_json":{"title":"SITRAK C7H D\u00cdESEL","description":"Los camiones Sitrak cuentan con un motor de la m\u00e1s avanzada tecnolog\u00eda Alemana, logrando potencia y econom\u00eda a tu alcance","robots":{"index":"index","follow":"follow","max-snippet":"max-snippet:-1","max-image-preview":"max-image-preview:large","max-video-preview":"max-video-preview:-1"},"canonical":"https:\/\/sitrakmetropolitanos.mx\/c7hd\/","og_locale":"es_ES","og_type":"article","og_title":"SITRAK C7H D\u00cdESEL","og_description":"Los camiones Sitrak cuentan con un motor de la m\u00e1s avanzada tecnolog\u00eda Alemana, logrando potencia y econom\u00eda a tu alcance","og_url":"https:\/\/sitrakmetropolitanos.mx\/c7hd\/","og_site_name":"SITRAK C7H D\u00cdESEL","article_modified_time":"2025-06-23T22:53:26+00:00","twitter_card":"summary_large_image","twitter_misc":{"Tiempo de lectura":"4 minutos"},"schema":{"@context":"https:\/\/schema.org","@graph":[{"@type":"WebPage","@id":"https:\/\/sitrakmetropolitanos.mx\/c7hd\/","url":"https:\/\/sitrakmetropolitanos.mx\/c7hd\/","name":"SITRAK C7H D\u00cdESEL","isPartOf":{"@id":"https:\/\/sitrakmetropolitanos.mx\/c7hd\/#website"},"datePublished":"2019-01-23T12:47:24+00:00","dateModified":"2025-06-23T22:53:26+00:00","description":"Los camiones Sitrak cuentan con un motor de la m\u00e1s avanzada tecnolog\u00eda Alemana, logrando potencia y econom\u00eda a tu alcance","breadcrumb":{"@id":"https:\/\/sitrakmetropolitanos.mx\/c7hd\/#breadcrumb"},"inLanguage":"es","potentialAction":[{"@type":"ReadAction","target":["https:\/\/sitrakmetropolitanos.mx\/c7hd\/"]}]},{"@type":"BreadcrumbList","@id":"https:\/\/sitrakmetropolitanos.mx\/c7hd\/#breadcrumb","itemListElement":[{"@type":"ListItem","position":1,"name":"Portada","item":"https:\/\/sitrakmetropolitanos.mx\/c7hd\/"},{"@type":"ListItem","position":2,"name":"Tractocami\u00f3n Di\u00e9sel Sitrak"}]},{"@type":"WebSite","@id":"https:\/\/sitrakmetropolitanos.mx\/c7hd\/#website","url":"https:\/\/sitrakmetropolitanos.mx\/c7hd\/","name":"SITRAK C7H D\u00cdESEL","description":"","potentialAction":[{"@type":"SearchAction","target":{"@type":"EntryPoint","urlTemplate":"https:\/\/sitrakmetropolitanos.mx\/c7hd\/?s={search_term_string}"},"query-input":{"@type":"PropertyValueSpecification","valueRequired":true,"valueName":"search_term_string"}}],"inLanguage":"es"}]}},"_links":{"self":[{"href":"https:\/\/sitrakmetropolitanos.mx\/c7hd\/wp-json\/wp\/v2\/pages\/10","targetHints":{"allow":["GET"]}}],"collection":[{"href":"https:\/\/sitrakmetropolitanos.mx\/c7hd\/wp-json\/wp\/v2\/pages"}],"about":[{"href":"https:\/\/sitrakmetropolitanos.mx\/c7hd\/wp-json\/wp\/v2\/types\/page"}],"author":[{"embeddable":true,"href":"https:\/\/sitrakmetropolitanos.mx\/c7hd\/wp-json\/wp\/v2\/users\/1"}],"replies":[{"embeddable":true,"href":"https:\/\/sitrakmetropolitanos.mx\/c7hd\/wp-json\/wp\/v2\/comments?post=10"}],"version-history":[{"count":144,"href":"https:\/\/sitrakmetropolitanos.mx\/c7hd\/wp-json\/wp\/v2\/pages\/10\/revisions"}],"predecessor-version":[{"id":2665,"href":"https:\/\/sitrakmetropolitanos.mx\/c7hd\/wp-json\/wp\/v2\/pages\/10\/revisions\/2665"}],"wp:attachment":[{"href":"https:\/\/sitrakmetropolitanos.mx\/c7hd\/wp-json\/wp\/v2\/media?parent=10"}],"curies":[{"name":"wp","href":"https:\/\/api.w.org\/{rel}","templated":true}]}}